{"id":2430,"date":"2021-03-14T04:32:36","date_gmt":"2021-03-14T04:32:36","guid":{"rendered":"https:\/\/seiriosk9.com\/product\/lit-personnalise-pour-chien\/"},"modified":"2021-04-05T11:07:27","modified_gmt":"2021-04-05T11:07:27","slug":"lit-personnalise-pour-chien","status":"publish","type":"product","link":"https:\/\/seiriosk9.com\/fr\/produit\/lit-personnalise-pour-chien\/","title":{"rendered":"Lit personnalis\u00e9 pour chien"},"content":{"rendered":"<p>Quelle est la meilleure taille de lit pour votre animal? Le poids de votre animal n&rsquo;est pas le seul facteur. Voici quelques autres \u00e9l\u00e9ments \u00e0 prendre en compte:<\/p>\n<p><strong>QUELLE EST LA TAILLE DE VOTRE ANIMAL?<\/strong><\/p>\n<ul>\n<li>Notre taille 22 \u2033 x 22 \u2033 est non seulement id\u00e9ale pour les chiens de petite race, mais \u00e9galement parfaite pour les chats!<\/li>\n<li>Notre 40 \u2033 x 30 \u2033 est le meilleur pour les chiens de longueur moyenne et les races trapues telles que l&rsquo;American Bulldog, tandis que les plus petits intimidateurs font mieux sur 22 \u2033 x 22 \u2033, 30 \u2033 x 30 \u2033 ou 30 \u2033 x 22 \u2033.<\/li>\n<li>Notre plus grande taille, 52 \u00ab\u00a0x 30\u00a0\u00bb convient \u00e0 la plupart des bergers allemands et des grands danois, mais le poids doit \u00eatre pris en compte.<\/li>\n<\/ul>\n<p><strong>VOTRE ANIMAL AIME-T-IL SE CURLER OU S&rsquo;\u00c9TIRER?<\/strong><br \/>\nLa taille carr\u00e9e est id\u00e9ale pour les animaux qui aiment se blottir ou se recroqueviller, tandis que le rectangle est id\u00e9al pour s&rsquo;\u00e9tirer.<\/p>\n<p><strong>PARTAGERA-T-IL AVEC UN AUTRE ANIMAL?<br \/>\n<\/strong>Selon la taille de vos animaux, la plupart peuvent partager un lit de toute taille. Les animaux plus lourds devraient utiliser un lit rectangulaire, tandis que les petites races adorent la forme carr\u00e9e.<\/p>\n<p><strong>CARR\u00c9 VERSUS RECTANGLE &#8211; QUEL EST LE MEILLEUR?<br \/>\n<\/strong>Le poids de l&rsquo;animal gravite vers le centre d&rsquo;un lit de camp carr\u00e9. Un animal plus lourd devrait utiliser le lit rectangulaire car son poids est mieux r\u00e9parti. Les rectangles s&rsquo;adaptent facilement sous la plupart des meubles et se tiennent debout dans un placard lorsqu&rsquo;ils ne sont pas utilis\u00e9s.<\/p>\n<p>&nbsp;<\/p>\n","protected":false},"excerpt":{"rendered":"<ul>\n<li>Confortable, l\u00e9ger, empilable, int\u00e9rieur \/ ext\u00e9rieur.<\/li>\n<li>La hauteur de 5 \u201dest parfaite pour tous les animaux de compagnie, y compris ceux qui ont des probl\u00e8mes articulaires et arthritiques et les races \u00e0 pattes courtes.<\/li>\n<li>Le tissu en maille \u00e0 armure ouverte favorise la circulation de l&rsquo;air. Il suffit d&rsquo;arroser ou d&rsquo;essuyer pour le nettoyage &#8211; pas besoin de retirer le couverture.<\/li>\n<li>Chaque partie du lit est fabriqu\u00e9e avec des mat\u00e9riaux am\u00e9ricains et nous les produisons \u00e0 Van Buren, Arkansas &#8211; vous savez que votre animal utilise un produit s\u00fbr!<\/li>\n<li>Voir Taille pour les limites de poids et les suggestions de taille dans la zone de description suppl\u00e9mentaire<\/li>\n<\/ul>\n<p><span style=\"font-weight: 400;\"><strong>Les pinces de jambe et les bouchons de jambe ne sont PAS inclus &#8211; commandez-les s\u00e9par\u00e9ment. Exp\u00e9di\u00e9 sous 2 \u00e0 4 semaines.<\/strong><\/span><\/p>\n<p>Utilisez les options ci-dessous pour construire et personnaliser votre lit.<\/p>\n","protected":false},"featured_media":2126,"comment_status":"closed","ping_status":"closed","template":"","meta":{"_et_pb_use_builder":"","_et_pb_old_content":"","_et_gb_content_width":"","advanced_seo_description":"","jetpack_seo_html_title":"","jetpack_seo_noindex":false,"jetpack_publicize_message":"","jetpack_publicize_feature_enabled":true,"jetpack_social_post_already_shared":false,"jetpack_social_options":{"image_generator_settings":{"template":"highway","default_image_id":0,"font":"","enabled":false},"version":2}},"product_brand":[],"product_cat":[60],"product_tag":[],"class_list":{"0":"post-2430","1":"product","2":"type-product","3":"status-publish","4":"has-post-thumbnail","6":"product_cat-lit-pour-chiens","7":"product_shipping_class-shipping-in-3-to-5-weeks-fr","9":"first","10":"onbackorder","11":"taxable","12":"shipping-taxable","13":"purchasable","14":"product-type-variable"},"jetpack_publicize_connections":[],"jetpack_likes_enabled":true,"jetpack_sharing_enabled":true,"_links":{"self":[{"href":"https:\/\/seiriosk9.com\/fr\/wp-json\/wp\/v2\/product\/2430","targetHints":{"allow":["GET"]}}],"collection":[{"href":"https:\/\/seiriosk9.com\/fr\/wp-json\/wp\/v2\/product"}],"about":[{"href":"https:\/\/seiriosk9.com\/fr\/wp-json\/wp\/v2\/types\/product"}],"replies":[{"embeddable":true,"href":"https:\/\/seiriosk9.com\/fr\/wp-json\/wp\/v2\/comments?post=2430"}],"wp:featuredmedia":[{"embeddable":true,"href":"https:\/\/seiriosk9.com\/fr\/wp-json\/wp\/v2\/media\/2126"}],"wp:attachment":[{"href":"https:\/\/seiriosk9.com\/fr\/wp-json\/wp\/v2\/media?parent=2430"}],"wp:term":[{"taxonomy":"product_brand","embeddable":true,"href":"https:\/\/seiriosk9.com\/fr\/wp-json\/wp\/v2\/product_brand?post=2430"},{"taxonomy":"product_cat","embeddable":true,"href":"https:\/\/seiriosk9.com\/fr\/wp-json\/wp\/v2\/product_cat?post=2430"},{"taxonomy":"product_tag","embeddable":true,"href":"https:\/\/seiriosk9.com\/fr\/wp-json\/wp\/v2\/product_tag?post=2430"}],"curies":[{"name":"wp","href":"https:\/\/api.w.org\/{rel}","templated":true}]}}