{"id":2391,"date":"2021-03-14T06:42:07","date_gmt":"2021-03-14T06:42:07","guid":{"rendered":"https:\/\/seiriosk9.com\/product\/cadre-en-metal-de-remplacement-barre\/"},"modified":"2021-04-05T08:42:25","modified_gmt":"2021-04-05T08:42:25","slug":"cadre-en-metal-de-remplacement-barre","status":"publish","type":"product","link":"https:\/\/seiriosk9.com\/fr\/produit\/cadre-en-metal-de-remplacement-barre\/","title":{"rendered":"Cadre en m\u00e9tal de remplacement (barre)"},"content":{"rendered":"<ul>\n<li>Fabriqu\u00e9 aux \u00c9tats-Unis<\/li>\n<li>7\/8 \u2033 de diam\u00e8tre<\/li>\n<li>Extr\u00e9mit\u00e9 carr\u00e9e unique pour une plus longue dur\u00e9e de vie du lit<\/li>\n<li>Couvert de poudre<\/li>\n<li>Acier form\u00e9 \u00e0 froid de calibre 18<\/li>\n<li>Vendus s\u00e9par\u00e9ment<\/li>\n<\/ul>\n<p>&nbsp;<\/p>\n","protected":false},"excerpt":{"rendered":"<p>Procurez-vous un remplacement ou personnalisez-le avec des couleurs totalement nouvelles.<\/p>\n","protected":false},"featured_media":2188,"comment_status":"closed","ping_status":"closed","template":"","meta":{"_et_pb_use_builder":"","_et_pb_old_content":"","_et_gb_content_width":"","advanced_seo_description":"","jetpack_seo_html_title":"","jetpack_seo_noindex":false,"jetpack_publicize_message":"","jetpack_publicize_feature_enabled":true,"jetpack_social_post_already_shared":false,"jetpack_social_options":{"image_generator_settings":{"template":"highway","default_image_id":0,"font":"","enabled":false},"version":2}},"product_brand":[],"product_cat":[60],"product_tag":[],"class_list":{"0":"post-2391","1":"product","2":"type-product","3":"status-publish","4":"has-post-thumbnail","6":"product_cat-lit-pour-chiens","8":"first","9":"onbackorder","10":"taxable","11":"shipping-taxable","12":"purchasable","13":"product-type-variable"},"jetpack_publicize_connections":[],"jetpack_likes_enabled":true,"jetpack_sharing_enabled":true,"_links":{"self":[{"href":"https:\/\/seiriosk9.com\/fr\/wp-json\/wp\/v2\/product\/2391","targetHints":{"allow":["GET"]}}],"collection":[{"href":"https:\/\/seiriosk9.com\/fr\/wp-json\/wp\/v2\/product"}],"about":[{"href":"https:\/\/seiriosk9.com\/fr\/wp-json\/wp\/v2\/types\/product"}],"replies":[{"embeddable":true,"href":"https:\/\/seiriosk9.com\/fr\/wp-json\/wp\/v2\/comments?post=2391"}],"wp:featuredmedia":[{"embeddable":true,"href":"https:\/\/seiriosk9.com\/fr\/wp-json\/wp\/v2\/media\/2188"}],"wp:attachment":[{"href":"https:\/\/seiriosk9.com\/fr\/wp-json\/wp\/v2\/media?parent=2391"}],"wp:term":[{"taxonomy":"product_brand","embeddable":true,"href":"https:\/\/seiriosk9.com\/fr\/wp-json\/wp\/v2\/product_brand?post=2391"},{"taxonomy":"product_cat","embeddable":true,"href":"https:\/\/seiriosk9.com\/fr\/wp-json\/wp\/v2\/product_cat?post=2391"},{"taxonomy":"product_tag","embeddable":true,"href":"https:\/\/seiriosk9.com\/fr\/wp-json\/wp\/v2\/product_tag?post=2391"}],"curies":[{"name":"wp","href":"https:\/\/api.w.org\/{rel}","templated":true}]}}