{"id":2385,"date":"2021-03-11T11:01:04","date_gmt":"2021-03-11T11:01:04","guid":{"rendered":"https:\/\/seiriosk9.com\/product\/collier-electronique-me-300-micro-educator\/"},"modified":"2021-04-05T07:29:38","modified_gmt":"2021-04-05T07:29:38","slug":"collier-electronique-me-300-micro-educator","status":"publish","type":"product","link":"https:\/\/seiriosk9.com\/fr\/produit\/collier-electronique-me-300-micro-educator\/","title":{"rendered":"Collier \u00e9lectronique ME-300 Micro Educator"},"content":{"rendered":"<p>Le collier \u00e9lectronique ME-300 Micro Educator associe notre \u00e9metteur le plus populaire, l&rsquo;ET-300 Mini, au tout nouveau micro-r\u00e9cepteur RX-070 pour petits chiens. Le RX-070 est une version plus petite du r\u00e9cepteur Mini Educator RX-090, environ 20% plus petit, 20% plus l\u00e9ger et 20% moins de stimulation. Et pour encore plus de consid\u00e9rations sur les petits chiens, les points de contact sont environ 20% plus proches les uns des autres et le collier peut \u00eatre tourn\u00e9 \u00e0 90 degr\u00e9s sur la sangle pour une position de point de contact \u00abavant et arri\u00e8re\u00bb plut\u00f4t que d&rsquo;avoir les points de contact autour du cou . Comme l&rsquo;ET-300, il est toujours \u00e9valu\u00e9 pour les chiens de 5 lb et plus, mais la nouvelle configuration permet plus d&rsquo;options lors de son installation sur un tr\u00e8s petit chien.<\/p>\n","protected":false},"excerpt":{"rendered":"<p>Comme l&rsquo;ET-300, il est toujours \u00e9valu\u00e9 pour les chiens de 5 lb et plus, mais la nouvelle configuration permet plus d&rsquo;options lors de son installation sur un chien tr\u00e8s petit.<\/p>\n<ul>\n<li style=\"font-weight: 400;\" aria-level=\"1\">Syst\u00e8me One Dog con\u00e7u pour les petits chiens<\/li>\n<li style=\"font-weight: 400;\" aria-level=\"1\">Petit r\u00e9cepteur pour chiens de 5 livres et plus<\/li>\n<li style=\"font-weight: 400;\" aria-level=\"1\">Version plus petite du r\u00e9cepteur Mini Educator environ 20% plus petit, 20% plus l\u00e9ger et 20% moins de stimulation<\/li>\n<li style=\"font-weight: 400;\" aria-level=\"1\">Comme le mod\u00e8le ET-300, le mod\u00e8le ME-300 est con\u00e7u pour les chiens de 5 livres et plus, mais ME-300 offre plus d&rsquo;options lors de son installation sur un chein tr\u00e8s petit<\/li>\n<li style=\"font-weight: 400;\" aria-level=\"1\">La configuration permet plus d&rsquo;options lors de l&rsquo;ajustement des races plus petites. Les points de contact sont environ 20% plus proches les uns des autres et le collier peut \u00eatre tourn\u00e9 \u00e0 90 degr\u00e9s sur la sangle pour une position \u00abavant et arri\u00e8re\u00bb, plut\u00f4t que d&rsquo;avoir les points autour du cou.<\/li>\n<\/ul>\n","protected":false},"featured_media":1740,"comment_status":"closed","ping_status":"closed","template":"","meta":{"_et_pb_use_builder":"","_et_pb_old_content":"","_et_gb_content_width":"","advanced_seo_description":"","jetpack_seo_html_title":"","jetpack_seo_noindex":false,"jetpack_publicize_message":"","jetpack_publicize_feature_enabled":true,"jetpack_social_post_already_shared":false,"jetpack_social_options":{"image_generator_settings":{"template":"highway","default_image_id":0,"font":"","enabled":false},"version":2}},"product_brand":[],"product_cat":[63],"product_tag":[],"class_list":{"0":"post-2385","1":"product","2":"type-product","3":"status-publish","4":"has-post-thumbnail","6":"product_cat-colliers-pour-chiens","7":"product_shipping_class-standard-shipping","9":"first","10":"onbackorder","11":"taxable","12":"shipping-taxable","13":"purchasable","14":"product-type-simple"},"jetpack_publicize_connections":[],"jetpack_likes_enabled":true,"jetpack_sharing_enabled":true,"_links":{"self":[{"href":"https:\/\/seiriosk9.com\/fr\/wp-json\/wp\/v2\/product\/2385","targetHints":{"allow":["GET"]}}],"collection":[{"href":"https:\/\/seiriosk9.com\/fr\/wp-json\/wp\/v2\/product"}],"about":[{"href":"https:\/\/seiriosk9.com\/fr\/wp-json\/wp\/v2\/types\/product"}],"replies":[{"embeddable":true,"href":"https:\/\/seiriosk9.com\/fr\/wp-json\/wp\/v2\/comments?post=2385"}],"wp:featuredmedia":[{"embeddable":true,"href":"https:\/\/seiriosk9.com\/fr\/wp-json\/wp\/v2\/media\/1740"}],"wp:attachment":[{"href":"https:\/\/seiriosk9.com\/fr\/wp-json\/wp\/v2\/media?parent=2385"}],"wp:term":[{"taxonomy":"product_brand","embeddable":true,"href":"https:\/\/seiriosk9.com\/fr\/wp-json\/wp\/v2\/product_brand?post=2385"},{"taxonomy":"product_cat","embeddable":true,"href":"https:\/\/seiriosk9.com\/fr\/wp-json\/wp\/v2\/product_cat?post=2385"},{"taxonomy":"product_tag","embeddable":true,"href":"https:\/\/seiriosk9.com\/fr\/wp-json\/wp\/v2\/product_tag?post=2385"}],"curies":[{"name":"wp","href":"https:\/\/api.w.org\/{rel}","templated":true}]}}