{"id":1302,"date":"2020-09-29T00:54:19","date_gmt":"2020-09-29T00:54:19","guid":{"rendered":"https:\/\/seiriosk9.com\/about\/"},"modified":"2025-10-01T09:25:18","modified_gmt":"2025-10-01T13:25:18","slug":"a-propos","status":"publish","type":"page","link":"https:\/\/seiriosk9.com\/fr\/a-propos\/","title":{"rendered":"\u00c0 Propos"},"content":{"rendered":"<p>[et_pb_section fb_built=\u00a0\u00bb1&Prime; custom_padding_last_edited=\u00a0\u00bbon|desktop\u00a0\u00bb _builder_version=\u00a0\u00bb4.16&Prime; _module_preset=\u00a0\u00bbdefault\u00a0\u00bb background_enable_color=\u00a0\u00bboff\u00a0\u00bb use_background_color_gradient=\u00a0\u00bbon\u00a0\u00bb background_color_gradient_stops=\u00a0\u00bb#000000 0%|#96CBE4 100%\u00a0\u00bb background_color_gradient_start=\u00a0\u00bb#000000&Prime; background_color_gradient_end=\u00a0\u00bb#96CBE4&Prime; background_enable_image=\u00a0\u00bboff\u00a0\u00bb background_size=\u00a0\u00bbinitial\u00a0\u00bb background_position=\u00a0\u00bbcenter_right\u00a0\u00bb custom_margin=\u00a0\u00bb||1px|||\u00a0\u00bb custom_padding=\u00a0\u00bb0px||36px|||\u00a0\u00bb custom_padding_tablet=\u00a0\u00bb||76px||false|false\u00a0\u00bb custom_padding_phone=\u00a0\u00bb||55px||false|false\u00a0\u00bb bottom_divider_height=\u00a0\u00bb201px\u00a0\u00bb bottom_divider_flip=\u00a0\u00bbhorizontal\u00a0\u00bb bottom_divider_height_tablet=\u00a0\u00bb155px\u00a0\u00bb bottom_divider_height_phone=\u00a0\u00bb108px\u00a0\u00bb bottom_divider_height_last_edited=\u00a0\u00bbon|tablet\u00a0\u00bb background_last_edited=\u00a0\u00bbon|desktop\u00a0\u00bb background_enable_image_tablet=\u00a0\u00bboff\u00a0\u00bb background_enable_image_phone=\u00a0\u00bboff\u00a0\u00bb global_colors_info=\u00a0\u00bb{}\u00a0\u00bb][et_pb_row _builder_version=\u00a0\u00bb4.16&Prime; _module_preset=\u00a0\u00bbdefault\u00a0\u00bb custom_margin=\u00a0\u00bb-6px|auto||auto||\u00a0\u00bb custom_padding=\u00a0\u00bb51px||0px|||\u00a0\u00bb global_colors_info=\u00a0\u00bb{}\u00a0\u00bb][et_pb_column type=\u00a0\u00bb4_4&Prime; _builder_version=\u00a0\u00bb4.16&Prime; _module_preset=\u00a0\u00bbdefault\u00a0\u00bb global_colors_info=\u00a0\u00bb{}\u00a0\u00bb][et_pb_text _builder_version=\u00a0\u00bb4.16&Prime; _module_preset=\u00a0\u00bbdefault\u00a0\u00bb header_font=\u00a0\u00bbQuicksand|700||on|||||\u00a0\u00bb header_text_color=\u00a0\u00bb#ffffff\u00a0\u00bb header_line_height=\u00a0\u00bb1.3em\u00a0\u00bb header_2_font=\u00a0\u00bbQuicksand|700||on|||||\u00a0\u00bb header_2_text_color=\u00a0\u00bb#ffffff\u00a0\u00bb header_2_font_size=\u00a0\u00bb35px\u00a0\u00bb header_2_line_height=\u00a0\u00bb1.3em\u00a0\u00bb width=\u00a0\u00bb100%\u00a0\u00bb custom_margin=\u00a0\u00bb1px||10px||false|false\u00a0\u00bb custom_margin_tablet=\u00a0\u00bb\u00a0\u00bb custom_margin_phone=\u00a0\u00bb-30px||10px||false|false\u00a0\u00bb custom_margin_last_edited=\u00a0\u00bbon|phone\u00a0\u00bb animation_style=\u00a0\u00bbslide\u00a0\u00bb header_font_size_tablet=\u00a0\u00bb30px\u00a0\u00bb header_font_size_phone=\u00a0\u00bb21px\u00a0\u00bb header_font_size_last_edited=\u00a0\u00bbon|desktop\u00a0\u00bb header_line_height_tablet=\u00a0\u00bb1.5em\u00a0\u00bb header_line_height_phone=\u00a0\u00bb1.6em\u00a0\u00bb header_line_height_last_edited=\u00a0\u00bbon|phone\u00a0\u00bb header_2_font_size_tablet=\u00a0\u00bb25px\u00a0\u00bb header_2_font_size_phone=\u00a0\u00bb30px\u00a0\u00bb header_2_font_size_last_edited=\u00a0\u00bbon|tablet\u00a0\u00bb header_2_line_height_tablet=\u00a0\u00bb1.5em\u00a0\u00bb header_2_line_height_phone=\u00a0\u00bb1.6em\u00a0\u00bb header_2_line_height_last_edited=\u00a0\u00bbon|desktop\u00a0\u00bb global_colors_info=\u00a0\u00bb{}\u00a0\u00bb]<\/p>\n<h2 style=\"text-align: left;\"><span>\u00c0 Propos D&rsquo;Acad\u00e9mie Seirios K9 &#8211; dresseur de chiens<\/span><\/h2>\n<p>[\/et_pb_text][et_pb_text _builder_version=\u00a0\u00bb4.16&Prime; _module_preset=\u00a0\u00bbdefault\u00a0\u00bb text_font=\u00a0\u00bbQuicksand|600|||||||\u00a0\u00bb text_text_color=\u00a0\u00bb#ffffff\u00a0\u00bb text_line_height=\u00a0\u00bb1.4em\u00a0\u00bb header_2_line_height=\u00a0\u00bb1.3em\u00a0\u00bb custom_margin=\u00a0\u00bb0px|||||\u00a0\u00bb custom_padding=\u00a0\u00bb|0px||||\u00a0\u00bb animation_style=\u00a0\u00bbslide\u00a0\u00bb text_font_size_tablet=\u00a0\u00bb18px\u00a0\u00bb text_font_size_phone=\u00a0\u00bb17px\u00a0\u00bb text_font_size_last_edited=\u00a0\u00bbon|desktop\u00a0\u00bb text_line_height_tablet=\u00a0\u00bb1.6em\u00a0\u00bb text_line_height_phone=\u00a0\u00bb1.8em\u00a0\u00bb text_line_height_last_edited=\u00a0\u00bbon|phone\u00a0\u00bb header_2_line_height_tablet=\u00a0\u00bb1.5em\u00a0\u00bb header_2_line_height_phone=\u00a0\u00bb1.6em\u00a0\u00bb header_2_line_height_last_edited=\u00a0\u00bbon|desktop\u00a0\u00bb global_colors_info=\u00a0\u00bb{}\u00a0\u00bb]<\/p>\n<p>Ce qui distingue SEIRIOS K9 des autres, c&rsquo;est notre approche unique de la formation des chiens. Nos programmes de dressage de chiens sont adapt\u00e9s pour r\u00e9pondre aux attentes. Nous ne discriminons pas les races de chiens. Nous travaillons avec toutes les races de chiens, jeunes ou vieux, petits ou grands. Nos programmes de formation respectent et d\u00e9passent les crit\u00e8res du programme de bons voisins CKC et AKC Canine et du programme de bon citoyen canin. Nous offrons une garantie \u00e0 vie (classes de rafra\u00eechissement).<\/p>\n<p>En outre, nous sommes fiers de notre; <strong>Ponctualit\u00e9, Honn\u00eatet\u00e9, Courtoisie, Politesse, Patience et Respect.<\/strong><\/p>\n<p>Beaucoup, y compris les avocats dans les proc\u00e8s contentieux, ont sollicit\u00e9 notre expertise. Notre client\u00e8le s&rsquo;\u00e9tend \u00e0 travers le Canada et les \u00c9tats-Unis. Il comprend des membres de divers services de police, des athl\u00e8tes professionnels, des PDG, et bien s\u00fbr le grand public.<\/p>\n<p>Notre objectif est d&rsquo;apprendre aux chiens \u00e0 \u00eatre de bons compagnons et \u00e0 avoir une bonne \u00e9tiquette. Plus important encore, nous enseignons et encadrons \u00e9tape par \u00e9tape sur la fa\u00e7on de maintenir et d&rsquo;am\u00e9liorer les capacit\u00e9s et les comp\u00e9tences d&rsquo;apprentissage du chien. Comprendre un chien est essentiel pour une relation \u00e9quilibr\u00e9e.<\/p>\n<p>[\/et_pb_text][\/et_pb_column][\/et_pb_row][\/et_pb_section][et_pb_section fb_built=\u00a0\u00bb1&Prime; _builder_version=\u00a0\u00bb4.16&Prime; _module_preset=\u00a0\u00bbdefault\u00a0\u00bb background_color=\u00a0\u00bbrgba(224,224,224,0.28)\u00a0\u00bb custom_padding=\u00a0\u00bb15px||0px|||\u00a0\u00bb global_colors_info=\u00a0\u00bb{}\u00a0\u00bb][et_pb_row column_structure=\u00a0\u00bb3_5,2_5&Prime; _builder_version=\u00a0\u00bb4.16&Prime; _module_preset=\u00a0\u00bbdefault\u00a0\u00bb global_colors_info=\u00a0\u00bb{}\u00a0\u00bb][et_pb_column type=\u00a0\u00bb3_5&Prime; _builder_version=\u00a0\u00bb4.16&Prime; _module_preset=\u00a0\u00bbdefault\u00a0\u00bb global_colors_info=\u00a0\u00bb{}\u00a0\u00bb][et_pb_text _builder_version=\u00a0\u00bb4.16&Prime; _module_preset=\u00a0\u00bbdefault\u00a0\u00bb header_font=\u00a0\u00bbQuicksand|700||on|||||\u00a0\u00bb header_text_color=\u00a0\u00bb#000000&Prime; header_font_size=\u00a0\u00bb21px\u00a0\u00bb header_line_height=\u00a0\u00bb1.3em\u00a0\u00bb header_2_line_height=\u00a0\u00bb1.3em\u00a0\u00bb width=\u00a0\u00bb100%\u00a0\u00bb custom_margin=\u00a0\u00bb1px||10px||false|false\u00a0\u00bb animation_style=\u00a0\u00bbslide\u00a0\u00bb header_font_size_tablet=\u00a0\u00bb30px\u00a0\u00bb header_font_size_phone=\u00a0\u00bb19px\u00a0\u00bb header_font_size_last_edited=\u00a0\u00bbon|phone\u00a0\u00bb header_line_height_tablet=\u00a0\u00bb1.5em\u00a0\u00bb header_line_height_phone=\u00a0\u00bb1.6em\u00a0\u00bb header_line_height_last_edited=\u00a0\u00bbon|phone\u00a0\u00bb header_2_line_height_tablet=\u00a0\u00bb1.5em\u00a0\u00bb header_2_line_height_phone=\u00a0\u00bb1.6em\u00a0\u00bb header_2_line_height_last_edited=\u00a0\u00bbon|desktop\u00a0\u00bb header_text_shadow_style=\u00a0\u00bbpreset2&Prime; header_text_shadow_color=\u00a0\u00bb#96CBE4&Prime; global_colors_info=\u00a0\u00bb{}\u00a0\u00bb]<\/p>\n<h1 style=\"text-align: left;\">CHRIS PAPAKOSTAS, PROPRI\u00c9TAIRE ET dresseur DE CHIENs<\/h1>\n<p>[\/et_pb_text][et_pb_text _builder_version=\u00a0\u00bb4.16&Prime; _module_preset=\u00a0\u00bbdefault\u00a0\u00bb text_font=\u00a0\u00bbQuicksand|600|||||||\u00a0\u00bb text_text_color=\u00a0\u00bb#000000&Prime; text_line_height=\u00a0\u00bb1.4em\u00a0\u00bb header_2_line_height=\u00a0\u00bb1.3em\u00a0\u00bb custom_margin=\u00a0\u00bb||-1px|||\u00a0\u00bb custom_padding=\u00a0\u00bb|0px||||\u00a0\u00bb animation_style=\u00a0\u00bbslide\u00a0\u00bb text_font_size_tablet=\u00a0\u00bb18px\u00a0\u00bb text_font_size_phone=\u00a0\u00bb17px\u00a0\u00bb text_font_size_last_edited=\u00a0\u00bbon|desktop\u00a0\u00bb text_line_height_tablet=\u00a0\u00bb1.6em\u00a0\u00bb text_line_height_phone=\u00a0\u00bb1.8em\u00a0\u00bb text_line_height_last_edited=\u00a0\u00bbon|phone\u00a0\u00bb header_2_line_height_tablet=\u00a0\u00bb1.5em\u00a0\u00bb header_2_line_height_phone=\u00a0\u00bb1.6em\u00a0\u00bb header_2_line_height_last_edited=\u00a0\u00bbon|desktop\u00a0\u00bb global_colors_info=\u00a0\u00bb{}\u00a0\u00bb]<\/p>\n<p>J\u2019ai toujours aim\u00e9\u00a0\u00eatre autour des chiens. Je suis fascin\u00e9 par leur volont\u00e9 d\u2019apprendre et de plaire. Leur comportement peut nous apprendre beaucoup plus aux humains que nous ne le pensons.<\/p>\n<p>J&rsquo;ai \u00e9t\u00e9 impliqu\u00e9 dans un incident malheureux et j&rsquo;ai \u00e9t\u00e9 forc\u00e9 d&rsquo;euthanasier mon chien Wicca. Un chien qui m&rsquo;a litt\u00e9ralement sauv\u00e9 la vie six mois auparavant. Bref, toute cette \u00e9preuve m&rsquo;a aid\u00e9 \u00e0 d\u00e9cider de prendre un nouveau chemin de carri\u00e8re. Travailler avec des chiens \u00e0 un niveau professionnel. Je me suis donn\u00e9 pour mission d&rsquo;aider les autres \u00e0 comprendre pourquoi la formation de chien est importante pour aider \u00e0 construire une relation solide, obtenir des r\u00e9sultats positifs et, surtout, bien comprendre le comportement d&rsquo;un chien.<\/p>\n<p>J&rsquo;ai commenc\u00e9 mes \u00e9tudes avec le ma\u00eetre dresseur de chiens Harry Kalajian du <em>R\u00e9seau des dresseurs de chiens de Montr\u00e9al<\/em>. Concentr\u00e9 sur le comportement, Harry m&rsquo;a aid\u00e9 \u00e0 comprendre l&rsquo;\u00e9thologie pour d\u00e9velopper mes comp\u00e9tences.<\/p>\n<p>[\/et_pb_text][\/et_pb_column][et_pb_column type=\u00a0\u00bb2_5&Prime; _builder_version=\u00a0\u00bb4.16&Prime; _module_preset=\u00a0\u00bbdefault\u00a0\u00bb global_colors_info=\u00a0\u00bb{}\u00a0\u00bb][et_pb_image src=\u00a0\u00bbhttps:\/\/seiriosk9.com\/wp-content\/uploads\/2020\/09\/Seirios-K9-Dog-Training-Montreal.png\u00a0\u00bb title_text=\u00a0\u00bbSeirios K9 Dog Training Montreal\u00a0\u00bb _builder_version=\u00a0\u00bb4.16&Prime; _module_preset=\u00a0\u00bbdefault\u00a0\u00bb custom_margin=\u00a0\u00bb20px|||||\u00a0\u00bb custom_padding=\u00a0\u00bb||3px|||\u00a0\u00bb global_colors_info=\u00a0\u00bb{}\u00a0\u00bb][\/et_pb_image][\/et_pb_column][\/et_pb_row][et_pb_row _builder_version=\u00a0\u00bb4.16&Prime; _module_preset=\u00a0\u00bbdefault\u00a0\u00bb custom_padding=\u00a0\u00bb0px||84px|||\u00a0\u00bb global_colors_info=\u00a0\u00bb{}\u00a0\u00bb][et_pb_column type=\u00a0\u00bb4_4&Prime; _builder_version=\u00a0\u00bb4.16&Prime; _module_preset=\u00a0\u00bbdefault\u00a0\u00bb global_colors_info=\u00a0\u00bb{}\u00a0\u00bb][et_pb_text _builder_version=\u00a0\u00bb4.16&Prime; _module_preset=\u00a0\u00bbdefault\u00a0\u00bb text_font=\u00a0\u00bbQuicksand|600|||||||\u00a0\u00bb text_text_color=\u00a0\u00bb#000000&Prime; text_line_height=\u00a0\u00bb1.4em\u00a0\u00bb header_2_line_height=\u00a0\u00bb1.3em\u00a0\u00bb custom_padding=\u00a0\u00bb|0px||||\u00a0\u00bb animation_style=\u00a0\u00bbslide\u00a0\u00bb text_font_size_tablet=\u00a0\u00bb18px\u00a0\u00bb text_font_size_phone=\u00a0\u00bb17px\u00a0\u00bb text_font_size_last_edited=\u00a0\u00bbon|desktop\u00a0\u00bb text_line_height_tablet=\u00a0\u00bb1.6em\u00a0\u00bb text_line_height_phone=\u00a0\u00bb1.8em\u00a0\u00bb text_line_height_last_edited=\u00a0\u00bbon|phone\u00a0\u00bb header_2_line_height_tablet=\u00a0\u00bb1.5em\u00a0\u00bb header_2_line_height_phone=\u00a0\u00bb1.6em\u00a0\u00bb header_2_line_height_last_edited=\u00a0\u00bbon|desktop\u00a0\u00bb global_colors_info=\u00a0\u00bb{}\u00a0\u00bb]<\/p>\n<p><span>Quand j\u2019ai commenc\u00e9 mes cours, j\u2019ai eu la princesse un chien de sauvetage qui m\u2019a aid\u00e9 \u00e0 comprendre ce que j\u2019avais besoin de se concentrer sur. Elle est venue \u00e0 moi avec un tas de probl\u00e8mes; anxi\u00e9t\u00e9 de s\u00e9paration, peur, chien\/chien agressif dans une certaine situation, laisse r\u00e9actif, ne pouvait pas la caisse, destructrice et bien plus de ne pas mentionner une haute prier conduire oui tout cela dans un chien. C\u2019\u00e9tait mon test, mon but personnel \u00e0 l\u2019\u00e9poque comment j\u2019allais aider ce chien. Quelques mois de travail acharn\u00e9 et beaucoup d\u2019apprentissage, elle est devenue un tout nouveau chien. Maintenant, elle s\u2019entra\u00eene dans le domaine de la d\u00e9tection des stup\u00e9fiants et des moisissures j\u2019ai aussi mon \u00ab\u00a0Side Chick\u00a0\u00bb Momma son fils Zeus et mon sp\u00e9cialiste social JAX<\/span><\/p>\n<p>[\/et_pb_text][\/et_pb_column][\/et_pb_row][\/et_pb_section]<\/p>\n","protected":false},"excerpt":{"rendered":"<p>\u00c0 Propos D&rsquo;Acad\u00e9mie Seirios K9 &#8211; dresseur de chiensCe qui distingue SEIRIOS K9 des autres, c&rsquo;est notre approche unique de la formation des chiens. Nos programmes de dressage de chiens sont adapt\u00e9s pour r\u00e9pondre aux attentes. Nous ne discriminons pas les races de chiens. Nous travaillons avec toutes les races de chiens, jeunes ou vieux, [&hellip;]<\/p>\n","protected":false},"author":1,"featured_media":0,"parent":0,"menu_order":0,"comment_status":"closed","ping_status":"closed","template":"","meta":{"_et_pb_use_builder":"on","_et_pb_old_content":"","_et_gb_content_width":"","advanced_seo_description":"","jetpack_seo_html_title":"","jetpack_seo_noindex":false,"footnotes":""},"class_list":["post-1302","page","type-page","status-publish","hentry"],"jetpack_likes_enabled":true,"jetpack_sharing_enabled":true,"_links":{"self":[{"href":"https:\/\/seiriosk9.com\/fr\/wp-json\/wp\/v2\/pages\/1302","targetHints":{"allow":["GET"]}}],"collection":[{"href":"https:\/\/seiriosk9.com\/fr\/wp-json\/wp\/v2\/pages"}],"about":[{"href":"https:\/\/seiriosk9.com\/fr\/wp-json\/wp\/v2\/types\/page"}],"author":[{"embeddable":true,"href":"https:\/\/seiriosk9.com\/fr\/wp-json\/wp\/v2\/users\/1"}],"replies":[{"embeddable":true,"href":"https:\/\/seiriosk9.com\/fr\/wp-json\/wp\/v2\/comments?post=1302"}],"version-history":[{"count":7,"href":"https:\/\/seiriosk9.com\/fr\/wp-json\/wp\/v2\/pages\/1302\/revisions"}],"predecessor-version":[{"id":3014,"href":"https:\/\/seiriosk9.com\/fr\/wp-json\/wp\/v2\/pages\/1302\/revisions\/3014"}],"wp:attachment":[{"href":"https:\/\/seiriosk9.com\/fr\/wp-json\/wp\/v2\/media?parent=1302"}],"curies":[{"name":"wp","href":"https:\/\/api.w.org\/{rel}","templated":true}]}}